{"id":5,"date":"2024-08-12T11:03:09","date_gmt":"2024-08-12T09:03:09","guid":{"rendered":"http:\/\/https\/?page_id=2"},"modified":"2025-02-27T22:23:21","modified_gmt":"2025-02-27T21:23:21","slug":"harald-jahn","status":"publish","type":"page","link":"https:\/\/mauerspiel.at\/feelingeurope\/harald-jahn\/","title":{"rendered":"Das bin ich"},"content":{"rendered":"\n<p>Willkommen auf meinem kleinen Blog \u2013 hier lege ich die Kleinigkeiten ab, die mir so einfallen und die nirgendwo sonst hinpassen, ohne gro\u00dfen Anspruch auf Qualit\u00e4t. Manches sind Notizen, die ich auf Sozialen Medien ver\u00f6ffentlicht habe und die ich doch dauerhafter bei der Hand haben will, manches einfach Gedanken, Beobachtungen, Geschichtchen \u2013 was einem schreibenden Fotografen oder fotografierenden Autor halt so unterkommt.<\/p>\n\n\n\n<p>1963 geboren, besch\u00e4ftige ich mich seit meinem 15. Lebensjahr mit Stadtplanung, Architektur und Fotografie.<\/p>\n\n\n\n<p>Nach Arbeiten im Bereich Design, Filmausstattung und Innenarchitektur entstanden ab 1990 zahlreiche Publikationen zu Wien-, Verkehrs- und Architekturthemen, Reisef\u00fchrer, Bildkalender sowie Ver\u00f6ffentlichungen in Fachzeitschriften als Fotograf und Autor; unter Anderem: <\/p>\n\n\n\n<p><strong><em>Unbekanntes Wien<\/em><\/strong> (Pichler\/Styria)<br><strong><em>Jugendstil in Budapest<\/em><\/strong> (Kral)<br><strong><em>Die Zukunft der St\u00e4dte<\/em><\/strong>, <strong><em>Das Wunder des Roten Wien<\/em><\/strong>, <strong><em>Randschaften<\/em><\/strong>, <strong><em>Kenopsia <\/em><\/strong>(Phoibos)<br><strong><em>Das Verdammte Manuskript<\/em><\/strong> (Roman, ProVerbis).<\/p>\n\n\n\n<p>Hier ist meine Website: <a href=\"http:\/\/www.mauerspiel.at\">www.mauerspiel.at<\/a><\/p>\n\n\n\n<p>F\u00fcr den Fall, dass du ein Impressum sehen willst,<a href=\"http:\/\/www.mauerspiel.at\/impressum.html\"> hier bitte<\/a><\/p>\n\n\n\n<figure class=\"wp-block-image size-large\"><img loading=\"lazy\" decoding=\"async\" width=\"1024\" height=\"733\" src=\"https:\/\/mauerspiel.at\/feelingeurope\/wp-content\/uploads\/2024\/08\/Harald-Jahn-1024x733.jpg\" alt=\"\" class=\"wp-image-565\" srcset=\"https:\/\/mauerspiel.at\/feelingeurope\/wp-content\/uploads\/2024\/08\/Harald-Jahn-1024x733.jpg 1024w, https:\/\/mauerspiel.at\/feelingeurope\/wp-content\/uploads\/2024\/08\/Harald-Jahn-300x215.jpg 300w, https:\/\/mauerspiel.at\/feelingeurope\/wp-content\/uploads\/2024\/08\/Harald-Jahn-768x550.jpg 768w, https:\/\/mauerspiel.at\/feelingeurope\/wp-content\/uploads\/2024\/08\/Harald-Jahn-1536x1100.jpg 1536w, https:\/\/mauerspiel.at\/feelingeurope\/wp-content\/uploads\/2024\/08\/Harald-Jahn-2048x1466.jpg 2048w\" sizes=\"auto, (max-width: 1024px) 100vw, 1024px\" \/><\/figure>\n","protected":false},"excerpt":{"rendered":"<p>Willkommen auf meinem kleinen Blog \u2013 hier lege ich die Kleinigkeiten ab, die mir so einfallen und die nirgendwo sonst hinpassen, ohne gro\u00dfen Anspruch auf Qualit\u00e4t. Manches sind Notizen, die ich auf Sozialen Medien ver\u00f6ffentlicht habe und die ich doch dauerhafter bei der Hand haben will, manches einfach Gedanken, Beobachtungen, Geschichtchen \u2013 was einem schreibenden [&hellip;]<\/p>\n","protected":false},"author":5,"featured_media":0,"parent":0,"menu_order":0,"comment_status":"closed","ping_status":"closed","template":"","meta":{"footnotes":""},"class_list":["post-5","page","type-page","status-publish","hentry"],"_links":{"self":[{"href":"https:\/\/mauerspiel.at\/feelingeurope\/wp-json\/wp\/v2\/pages\/5","targetHints":{"allow":["GET"]}}],"collection":[{"href":"https:\/\/mauerspiel.at\/feelingeurope\/wp-json\/wp\/v2\/pages"}],"about":[{"href":"https:\/\/mauerspiel.at\/feelingeurope\/wp-json\/wp\/v2\/types\/page"}],"author":[{"embeddable":true,"href":"https:\/\/mauerspiel.at\/feelingeurope\/wp-json\/wp\/v2\/users\/5"}],"replies":[{"embeddable":true,"href":"https:\/\/mauerspiel.at\/feelingeurope\/wp-json\/wp\/v2\/comments?post=5"}],"version-history":[{"count":8,"href":"https:\/\/mauerspiel.at\/feelingeurope\/wp-json\/wp\/v2\/pages\/5\/revisions"}],"predecessor-version":[{"id":1833,"href":"https:\/\/mauerspiel.at\/feelingeurope\/wp-json\/wp\/v2\/pages\/5\/revisions\/1833"}],"wp:attachment":[{"href":"https:\/\/mauerspiel.at\/feelingeurope\/wp-json\/wp\/v2\/media?parent=5"}],"curies":[{"name":"wp","href":"https:\/\/api.w.org\/{rel}","templated":true}]}}